{"id":17,"date":"2026-03-03T20:54:55","date_gmt":"2026-03-03T20:54:55","guid":{"rendered":"https:\/\/www.casacobogo.com\/?page_id=17"},"modified":"2026-03-28T20:53:31","modified_gmt":"2026-03-28T20:53:31","slug":"soon","status":"publish","type":"page","link":"https:\/\/www.casacobogo.com\/","title":{"rendered":"SOON"},"content":{"rendered":"<div class=\"et_pb_section_0 et_pb_section et_pb_fullwidth_section et_section_regular et_block_section\">\n<section class=\"et_pb_fullwidth_header_0 et_pb_fullwidth_header et_pb_fullscreen et_pb_bg_layout_dark et_pb_text_align_center et_pb_module et_flex_module\"><div class=\"et_pb_fullwidth_header_container center\"><div class=\"header-content-container center\"><div class=\"header-content et_flex_module\"><img loading=\"lazy\" decoding=\"async\" src=\"https:\/\/www.casacobogo.com\/wp-content\/uploads\/2026\/03\/Logo_2.png\" width=\"834\" height=\"417\" srcset=\"https:\/\/www.casacobogo.com\/wp-content\/uploads\/2026\/03\/Logo_2.png 834w, https:\/\/www.casacobogo.com\/wp-content\/uploads\/2026\/03\/Logo_2-480x240.png 480w\" sizes=\"(min-width: 0px) and (max-width: 480px) 480px, (min-width: 481px) 834px, 100vw\" class=\"header-logo wp-image-25\" \/><h2 class=\"et_pb_module_header\">Site em constru\u00e7\u00e3o<\/h2><div class=\"et_pb_header_content_wrapper\"><p><span>A construir o nosso ref\u00fagio...<\/span><\/p>\n<\/div><div class=\"et_pb_header_button_wrapper\"><\/div><\/div><\/div><\/div><div class=\"et_pb_fullwidth_header_overlay\"><\/div><div class=\"et_pb_fullwidth_header_scroll\"><\/div><\/section>\n<\/div>","protected":false},"excerpt":{"rendered":"","protected":false},"author":1,"featured_media":0,"parent":0,"menu_order":0,"comment_status":"closed","ping_status":"closed","template":"page-template-blank.php","meta":{"footnotes":""},"class_list":["post-17","page","type-page","status-publish","hentry"],"yoast_head":"<!-- This site is optimized with the Yoast SEO plugin v27.2 - https:\/\/yoast.com\/product\/yoast-seo-wordpress\/ -->\n<title>CASA COBOG\u00d3 | Ref\u00fagio, Hospedaria e Restaurante<\/title>\n<meta name=\"description\" content=\"Descubra a Casa Cobob\u00f3 em Moitelas, a 30 min de Lisboa. Um ref\u00fagio para comer bem, dormir em paz e viver sem pressa.\" \/>\n<meta name=\"robots\" content=\"index, follow, max-snippet:-1, max-image-preview:large, max-video-preview:-1\" \/>\n<link rel=\"canonical\" href=\"https:\/\/www.casacobogo.com\/\" \/>\n<meta property=\"og:locale\" content=\"es_ES\" \/>\n<meta property=\"og:type\" content=\"article\" \/>\n<meta property=\"og:title\" content=\"CASA COBOG\u00d3 | Ref\u00fagio, Hospedaria e Restaurante\" \/>\n<meta property=\"og:description\" content=\"Descubra a Casa Cobob\u00f3 em Moitelas, a 30 min de Lisboa. Um ref\u00fagio para comer bem, dormir em paz e viver sem pressa.\" \/>\n<meta property=\"og:url\" content=\"https:\/\/www.casacobogo.com\/\" \/>\n<meta property=\"og:site_name\" content=\"Casa Cobog&oacute;\" \/>\n<meta property=\"article:modified_time\" content=\"2026-03-28T20:53:31+00:00\" \/>\n<meta name=\"twitter:card\" content=\"summary_large_image\" \/>\n<script type=\"application\/ld+json\" class=\"yoast-schema-graph\">{\"@context\":\"https:\/\/schema.org\",\"@graph\":[{\"@type\":\"WebPage\",\"@id\":\"https:\/\/www.casacobogo.com\/\",\"url\":\"https:\/\/www.casacobogo.com\/\",\"name\":\"CASA COBOG\u00d3 | Ref\u00fagio, Hospedaria e Restaurante\",\"isPartOf\":{\"@id\":\"https:\/\/www.casacobogo.com\/#website\"},\"datePublished\":\"2026-03-03T20:54:55+00:00\",\"dateModified\":\"2026-03-28T20:53:31+00:00\",\"description\":\"Descubra a Casa Cobob\u00f3 em Moitelas, a 30 min de Lisboa. Um ref\u00fagio para comer bem, dormir em paz e viver sem pressa.\",\"breadcrumb\":{\"@id\":\"https:\/\/www.casacobogo.com\/#breadcrumb\"},\"inLanguage\":\"es\",\"potentialAction\":[{\"@type\":\"ReadAction\",\"target\":[\"https:\/\/www.casacobogo.com\/\"]}]},{\"@type\":\"BreadcrumbList\",\"@id\":\"https:\/\/www.casacobogo.com\/#breadcrumb\",\"itemListElement\":[{\"@type\":\"ListItem\",\"position\":1,\"name\":\"Portada\",\"item\":\"https:\/\/www.casacobogo.com\/\"},{\"@type\":\"ListItem\",\"position\":2,\"name\":\"SOON\"}]},{\"@type\":\"WebSite\",\"@id\":\"https:\/\/www.casacobogo.com\/#website\",\"url\":\"https:\/\/www.casacobogo.com\/\",\"name\":\"Casa Cobog&oacute;\",\"description\":\"\",\"potentialAction\":[{\"@type\":\"SearchAction\",\"target\":{\"@type\":\"EntryPoint\",\"urlTemplate\":\"https:\/\/www.casacobogo.com\/?s={search_term_string}\"},\"query-input\":{\"@type\":\"PropertyValueSpecification\",\"valueRequired\":true,\"valueName\":\"search_term_string\"}}],\"inLanguage\":\"es\"}]}<\/script>\n<!-- \/ Yoast SEO plugin. -->","yoast_head_json":{"title":"CASA COBOG\u00d3 | Ref\u00fagio, Hospedaria e Restaurante","description":"Descubra a Casa Cobob\u00f3 em Moitelas, a 30 min de Lisboa. Um ref\u00fagio para comer bem, dormir em paz e viver sem pressa.","robots":{"index":"index","follow":"follow","max-snippet":"max-snippet:-1","max-image-preview":"max-image-preview:large","max-video-preview":"max-video-preview:-1"},"canonical":"https:\/\/www.casacobogo.com\/","og_locale":"es_ES","og_type":"article","og_title":"CASA COBOG\u00d3 | Ref\u00fagio, Hospedaria e Restaurante","og_description":"Descubra a Casa Cobob\u00f3 em Moitelas, a 30 min de Lisboa. Um ref\u00fagio para comer bem, dormir em paz e viver sem pressa.","og_url":"https:\/\/www.casacobogo.com\/","og_site_name":"Casa Cobog&oacute;","article_modified_time":"2026-03-28T20:53:31+00:00","twitter_card":"summary_large_image","schema":{"@context":"https:\/\/schema.org","@graph":[{"@type":"WebPage","@id":"https:\/\/www.casacobogo.com\/","url":"https:\/\/www.casacobogo.com\/","name":"CASA COBOG\u00d3 | Ref\u00fagio, Hospedaria e Restaurante","isPartOf":{"@id":"https:\/\/www.casacobogo.com\/#website"},"datePublished":"2026-03-03T20:54:55+00:00","dateModified":"2026-03-28T20:53:31+00:00","description":"Descubra a Casa Cobob\u00f3 em Moitelas, a 30 min de Lisboa. Um ref\u00fagio para comer bem, dormir em paz e viver sem pressa.","breadcrumb":{"@id":"https:\/\/www.casacobogo.com\/#breadcrumb"},"inLanguage":"es","potentialAction":[{"@type":"ReadAction","target":["https:\/\/www.casacobogo.com\/"]}]},{"@type":"BreadcrumbList","@id":"https:\/\/www.casacobogo.com\/#breadcrumb","itemListElement":[{"@type":"ListItem","position":1,"name":"Portada","item":"https:\/\/www.casacobogo.com\/"},{"@type":"ListItem","position":2,"name":"SOON"}]},{"@type":"WebSite","@id":"https:\/\/www.casacobogo.com\/#website","url":"https:\/\/www.casacobogo.com\/","name":"Casa Cobog&oacute;","description":"","potentialAction":[{"@type":"SearchAction","target":{"@type":"EntryPoint","urlTemplate":"https:\/\/www.casacobogo.com\/?s={search_term_string}"},"query-input":{"@type":"PropertyValueSpecification","valueRequired":true,"valueName":"search_term_string"}}],"inLanguage":"es"}]}},"_links":{"self":[{"href":"https:\/\/www.casacobogo.com\/index.php\/wp-json\/wp\/v2\/pages\/17","targetHints":{"allow":["GET"]}}],"collection":[{"href":"https:\/\/www.casacobogo.com\/index.php\/wp-json\/wp\/v2\/pages"}],"about":[{"href":"https:\/\/www.casacobogo.com\/index.php\/wp-json\/wp\/v2\/types\/page"}],"author":[{"embeddable":true,"href":"https:\/\/www.casacobogo.com\/index.php\/wp-json\/wp\/v2\/users\/1"}],"replies":[{"embeddable":true,"href":"https:\/\/www.casacobogo.com\/index.php\/wp-json\/wp\/v2\/comments?post=17"}],"version-history":[{"count":6,"href":"https:\/\/www.casacobogo.com\/index.php\/wp-json\/wp\/v2\/pages\/17\/revisions"}],"predecessor-version":[{"id":32,"href":"https:\/\/www.casacobogo.com\/index.php\/wp-json\/wp\/v2\/pages\/17\/revisions\/32"}],"wp:attachment":[{"href":"https:\/\/www.casacobogo.com\/index.php\/wp-json\/wp\/v2\/media?parent=17"}],"curies":[{"name":"wp","href":"https:\/\/api.w.org\/{rel}","templated":true}]}}